{"id":4073,"date":"2018-06-11T11:49:19","date_gmt":"2018-06-11T11:49:19","guid":{"rendered":"https:\/\/elrha.yallacooperative-wordpress.website\/facteurs-favorables\/generer-et-integrer-des-donnees-probantes\/"},"modified":"2025-09-13T12:38:38","modified_gmt":"2025-09-13T12:38:38","slug":"generer-et-integrer-des-donnees-probantes","status":"publish","type":"page","link":"https:\/\/elrha.yallacooperative-wordpress.website\/fr\/facteurs-favorables\/generer-et-integrer-des-donnees-probantes\/","title":{"rendered":"G\u00e9n\u00e9rer et int\u00e9grer des donn\u00e9es probantes"},"content":{"rendered":"","protected":false},"excerpt":{"rendered":"","protected":false},"author":3,"featured_media":0,"parent":4006,"menu_order":7,"comment_status":"closed","ping_status":"closed","template":"tmpl-factor.php","meta":{"footnotes":""},"topic":[],"class_list":["post-4073","page","type-page","status-publish","hentry"],"_links":{"self":[{"href":"https:\/\/elrha.yallacooperative-wordpress.website\/fr\/wp-json\/wp\/v2\/pages\/4073","targetHints":{"allow":["GET"]}}],"collection":[{"href":"https:\/\/elrha.yallacooperative-wordpress.website\/fr\/wp-json\/wp\/v2\/pages"}],"about":[{"href":"https:\/\/elrha.yallacooperative-wordpress.website\/fr\/wp-json\/wp\/v2\/types\/page"}],"author":[{"embeddable":true,"href":"https:\/\/elrha.yallacooperative-wordpress.website\/fr\/wp-json\/wp\/v2\/users\/3"}],"replies":[{"embeddable":true,"href":"https:\/\/elrha.yallacooperative-wordpress.website\/fr\/wp-json\/wp\/v2\/comments?post=4073"}],"version-history":[{"count":1,"href":"https:\/\/elrha.yallacooperative-wordpress.website\/fr\/wp-json\/wp\/v2\/pages\/4073\/revisions"}],"predecessor-version":[{"id":4337,"href":"https:\/\/elrha.yallacooperative-wordpress.website\/fr\/wp-json\/wp\/v2\/pages\/4073\/revisions\/4337"}],"up":[{"embeddable":true,"href":"https:\/\/elrha.yallacooperative-wordpress.website\/fr\/wp-json\/wp\/v2\/pages\/4006"}],"wp:attachment":[{"href":"https:\/\/elrha.yallacooperative-wordpress.website\/fr\/wp-json\/wp\/v2\/media?parent=4073"}],"wp:term":[{"taxonomy":"topic","embeddable":true,"href":"https:\/\/elrha.yallacooperative-wordpress.website\/fr\/wp-json\/wp\/v2\/topic?post=4073"}],"curies":[{"name":"wp","href":"https:\/\/api.w.org\/{rel}","templated":true}]}}