{"id":3956,"date":"2018-06-11T11:48:33","date_gmt":"2018-06-11T11:48:33","guid":{"rendered":"https:\/\/elrha.yallacooperative-wordpress.website\/acceder-aux-ressources-financieres-et-les-gerer\/"},"modified":"2025-09-13T12:38:44","modified_gmt":"2025-09-13T12:38:44","slug":"acceder-aux-ressources-financieres-et-les-gerer","status":"publish","type":"page","link":"https:\/\/elrha.yallacooperative-wordpress.website\/fr\/facteurs-favorables\/acceder-aux-ressources-financieres-et-les-gerer\/","title":{"rendered":"Acc\u00e9der aux ressources financi\u00e8res et les g\u00e9rer"},"content":{"rendered":"","protected":false},"excerpt":{"rendered":"","protected":false},"author":3,"featured_media":0,"parent":4006,"menu_order":3,"comment_status":"closed","ping_status":"closed","template":"tmpl-factor.php","meta":{"footnotes":""},"topic":[],"class_list":["post-3956","page","type-page","status-publish","hentry"],"_links":{"self":[{"href":"https:\/\/elrha.yallacooperative-wordpress.website\/fr\/wp-json\/wp\/v2\/pages\/3956","targetHints":{"allow":["GET"]}}],"collection":[{"href":"https:\/\/elrha.yallacooperative-wordpress.website\/fr\/wp-json\/wp\/v2\/pages"}],"about":[{"href":"https:\/\/elrha.yallacooperative-wordpress.website\/fr\/wp-json\/wp\/v2\/types\/page"}],"author":[{"embeddable":true,"href":"https:\/\/elrha.yallacooperative-wordpress.website\/fr\/wp-json\/wp\/v2\/users\/3"}],"replies":[{"embeddable":true,"href":"https:\/\/elrha.yallacooperative-wordpress.website\/fr\/wp-json\/wp\/v2\/comments?post=3956"}],"version-history":[{"count":1,"href":"https:\/\/elrha.yallacooperative-wordpress.website\/fr\/wp-json\/wp\/v2\/pages\/3956\/revisions"}],"predecessor-version":[{"id":4011,"href":"https:\/\/elrha.yallacooperative-wordpress.website\/fr\/wp-json\/wp\/v2\/pages\/3956\/revisions\/4011"}],"up":[{"embeddable":true,"href":"https:\/\/elrha.yallacooperative-wordpress.website\/fr\/wp-json\/wp\/v2\/pages\/4006"}],"wp:attachment":[{"href":"https:\/\/elrha.yallacooperative-wordpress.website\/fr\/wp-json\/wp\/v2\/media?parent=3956"}],"wp:term":[{"taxonomy":"topic","embeddable":true,"href":"https:\/\/elrha.yallacooperative-wordpress.website\/fr\/wp-json\/wp\/v2\/topic?post=3956"}],"curies":[{"name":"wp","href":"https:\/\/api.w.org\/{rel}","templated":true}]}}